{"id":9,"date":"2018-09-24T07:50:07","date_gmt":"2018-09-24T07:50:07","guid":{"rendered":"http:\/\/www.folwarkjelen.pl\/?page_id=9"},"modified":"2026-01-07T15:03:26","modified_gmt":"2026-01-07T15:03:26","slug":"rezerwacje","status":"publish","type":"page","link":"https:\/\/www.folwarkjelen.pl\/index.php\/rezerwacje\/","title":{"rendered":"Rezerwacje"},"content":{"rendered":"\t\t<div data-elementor-type=\"wp-post\" data-elementor-id=\"9\" class=\"elementor elementor-9\">\n\t\t\t\t\t\t<div class=\"elementor-inner\">\n\t\t\t\t<div class=\"elementor-section-wrap\">\n\t\t\t\t\t\t\t\t\t<section class=\"elementor-section elementor-top-section elementor-element elementor-element-3870115 elementor-section-boxed elementor-section-height-default elementor-section-height-default\" data-id=\"3870115\" data-element_type=\"section\">\n\t\t\t\t\t\t<div class=\"elementor-container elementor-column-gap-default\">\n\t\t\t\t\t\t\t<div class=\"elementor-row\">\n\t\t\t\t\t<div class=\"elementor-column elementor-col-100 elementor-top-column elementor-element elementor-element-970c367\" data-id=\"970c367\" data-element_type=\"column\">\n\t\t\t<div class=\"elementor-column-wrap elementor-element-populated\">\n\t\t\t\t\t\t\t<div class=\"elementor-widget-wrap\">\n\t\t\t\t\t\t<div class=\"elementor-element elementor-element-b844422 elementor-align-center elementor-widget elementor-widget-button\" data-id=\"b844422\" data-element_type=\"widget\" data-widget_type=\"button.default\">\n\t\t\t\t<div class=\"elementor-widget-container\">\n\t\t\t\t\t<div class=\"elementor-button-wrapper\">\n\t\t\t<a href=\"https:\/\/roomadmin.pl\/widget\/reservation-v2\/start?fh=74011473d1185bae9f3face9d94ffbb5b8614c15&#038;header=0&#038;style=%7B%22color_accent%22%3A%22%232d85c5%22%2C%22color_bg%22%3A%22%23FFFFFF%22%7D&#038;src=meteor-turystyka.pl\" target=\"_blank\" rel=\"nofollow\" class=\"elementor-button-link elementor-button elementor-size-xs elementor-animation-grow\" role=\"button\">\n\t\t\t\t\t\t<span class=\"elementor-button-content-wrapper\">\n\t\t\t\t\t\t<span class=\"elementor-button-text\">REZERWACJE  on-line<\/span>\n\t\t<\/span>\n\t\t\t\t\t<\/a>\n\t\t<\/div>\n\t\t\t\t<\/div>\n\t\t\t\t<\/div>\n\t\t\t\t\t\t<\/div>\n\t\t\t\t\t<\/div>\n\t\t<\/div>\n\t\t\t\t\t\t\t\t<\/div>\n\t\t\t\t\t<\/div>\n\t\t<\/section>\n\t\t\t\t<section class=\"elementor-section elementor-top-section elementor-element elementor-element-2a8edec elementor-section-boxed elementor-section-height-default elementor-section-height-default\" data-id=\"2a8edec\" data-element_type=\"section\">\n\t\t\t\t\t\t<div class=\"elementor-container elementor-column-gap-default\">\n\t\t\t\t\t\t\t<div class=\"elementor-row\">\n\t\t\t\t\t<div class=\"elementor-column elementor-col-100 elementor-top-column elementor-element elementor-element-26da4ec\" data-id=\"26da4ec\" data-element_type=\"column\">\n\t\t\t<div class=\"elementor-column-wrap elementor-element-populated\">\n\t\t\t\t\t\t\t<div class=\"elementor-widget-wrap\">\n\t\t\t\t\t\t<div class=\"elementor-element elementor-element-2328965 elementor-widget elementor-widget-image\" data-id=\"2328965\" data-element_type=\"widget\" data-widget_type=\"image.default\">\n\t\t\t\t<div class=\"elementor-widget-container\">\n\t\t\t\t\t\t\t\t<div class=\"elementor-image\">\n\t\t\t\t\t\t\t\t\t\t\t\t<img width=\"150\" height=\"150\" src=\"https:\/\/www.folwarkjelen.pl\/wp-content\/uploads\/2025\/10\/KDR_Tu-honorujemy-Karte-Duzej-Rodziny-150x150.png\" class=\"attachment-thumbnail size-thumbnail\" alt=\"\" loading=\"lazy\" srcset=\"https:\/\/www.folwarkjelen.pl\/wp-content\/uploads\/2025\/10\/KDR_Tu-honorujemy-Karte-Duzej-Rodziny-150x150.png 150w, https:\/\/www.folwarkjelen.pl\/wp-content\/uploads\/2025\/10\/KDR_Tu-honorujemy-Karte-Duzej-Rodziny-300x300.png 300w, https:\/\/www.folwarkjelen.pl\/wp-content\/uploads\/2025\/10\/KDR_Tu-honorujemy-Karte-Duzej-Rodziny-100x100.png 100w\" sizes=\"(max-width: 150px) 100vw, 150px\" \/>\t\t\t\t\t\t\t\t\t\t\t\t\t\t<\/div>\n\t\t\t\t\t\t<\/div>\n\t\t\t\t<\/div>\n\t\t\t\t\t\t<\/div>\n\t\t\t\t\t<\/div>\n\t\t<\/div>\n\t\t\t\t\t\t\t\t<\/div>\n\t\t\t\t\t<\/div>\n\t\t<\/section>\n\t\t\t\t<section class=\"elementor-section elementor-top-section elementor-element elementor-element-2068f6d elementor-section-boxed elementor-section-height-default elementor-section-height-default\" data-id=\"2068f6d\" data-element_type=\"section\">\n\t\t\t\t\t\t<div class=\"elementor-container elementor-column-gap-default\">\n\t\t\t\t\t\t\t<div class=\"elementor-row\">\n\t\t\t\t\t<div class=\"elementor-column elementor-col-100 elementor-top-column elementor-element elementor-element-88d20d1\" data-id=\"88d20d1\" data-element_type=\"column\">\n\t\t\t<div class=\"elementor-column-wrap elementor-element-populated\">\n\t\t\t\t\t\t\t<div class=\"elementor-widget-wrap\">\n\t\t\t\t\t\t<div class=\"elementor-element elementor-element-ff21dea elementor-widget elementor-widget-heading\" data-id=\"ff21dea\" data-element_type=\"widget\" data-widget_type=\"heading.default\">\n\t\t\t\t<div class=\"elementor-widget-container\">\n\t\t\t<h2 class=\"elementor-heading-title elementor-size-medium\">Zni\u017cka 5% na KART\u0118 DU\u017bEJ RODZINY  przy rezerwacjach telefonicznych.\n\n\nNie wynajmujemy na imprezy okoliczno\u015bciowe.\n<\/h2>\t\t<\/div>\n\t\t\t\t<\/div>\n\t\t\t\t\t\t<\/div>\n\t\t\t\t\t<\/div>\n\t\t<\/div>\n\t\t\t\t\t\t\t\t<\/div>\n\t\t\t\t\t<\/div>\n\t\t<\/section>\n\t\t\t\t<section class=\"elementor-section elementor-top-section elementor-element elementor-element-ab9e03a elementor-section-boxed elementor-section-height-default elementor-section-height-default\" data-id=\"ab9e03a\" data-element_type=\"section\">\n\t\t\t\t\t\t<div class=\"elementor-container elementor-column-gap-default\">\n\t\t\t\t\t\t\t<div class=\"elementor-row\">\n\t\t\t\t\t<div class=\"elementor-column elementor-col-100 elementor-top-column elementor-element elementor-element-da528af\" data-id=\"da528af\" data-element_type=\"column\">\n\t\t\t<div class=\"elementor-column-wrap elementor-element-populated\">\n\t\t\t\t\t\t\t<div class=\"elementor-widget-wrap\">\n\t\t\t\t\t\t<div class=\"elementor-element elementor-element-b1ad0ba elementor-position-top elementor-vertical-align-top elementor-widget elementor-widget-image-box\" data-id=\"b1ad0ba\" data-element_type=\"widget\" data-widget_type=\"image-box.default\">\n\t\t\t\t<div class=\"elementor-widget-container\">\n\t\t\t<div class=\"elementor-image-box-wrapper\"><figure class=\"elementor-image-box-img\"><img width=\"2560\" height=\"1707\" src=\"https:\/\/www.folwarkjelen.pl\/wp-content\/uploads\/2023\/05\/IMG_1445-scaled.jpg\" class=\"elementor-animation-grow attachment-full size-full\" alt=\"\" loading=\"lazy\" \/><\/figure><div class=\"elementor-image-box-content\"><h3 class=\"elementor-image-box-title\">Dom Wakacyjny<\/h3><p class=\"elementor-image-box-description\">Cztery przestronne sypialnie. Dwa \u0142\u00f3\u017cka podw\u00f3jne i 5 pojedynczych ( 9 miejsc do spania).\n\nSalon kominkowy po\u0142\u0105czony jest z kuchni\u0105- wyposa\u017con\u0105 w lod\u00f3wk\u0119, zmywark\u0119,  piekarnik, kuchenk\u0119 elektryczn\u0105, czajnik bezprzewodowy, ekspres do kawy\n\nCENA: od 900z\u0142\/doba <\/p><\/div><\/div>\t\t<\/div>\n\t\t\t\t<\/div>\n\t\t\t\t\t\t<\/div>\n\t\t\t\t\t<\/div>\n\t\t<\/div>\n\t\t\t\t\t\t\t\t<\/div>\n\t\t\t\t\t<\/div>\n\t\t<\/section>\n\t\t\t\t<section class=\"elementor-section elementor-top-section elementor-element elementor-element-f1649d1 elementor-section-boxed elementor-section-height-default elementor-section-height-default\" data-id=\"f1649d1\" data-element_type=\"section\">\n\t\t\t\t\t\t<div class=\"elementor-container elementor-column-gap-default\">\n\t\t\t\t\t\t\t<div class=\"elementor-row\">\n\t\t\t\t\t<div class=\"elementor-column elementor-col-100 elementor-top-column elementor-element elementor-element-0aa52b2\" data-id=\"0aa52b2\" data-element_type=\"column\">\n\t\t\t<div class=\"elementor-column-wrap elementor-element-populated\">\n\t\t\t\t\t\t\t<div class=\"elementor-widget-wrap\">\n\t\t\t\t\t\t<div class=\"elementor-element elementor-element-8fa69ee elementor-position-top elementor-vertical-align-top elementor-widget elementor-widget-image-box\" data-id=\"8fa69ee\" data-element_type=\"widget\" data-widget_type=\"image-box.default\">\n\t\t\t\t<div class=\"elementor-widget-container\">\n\t\t\t<div class=\"elementor-image-box-wrapper\"><figure class=\"elementor-image-box-img\"><img width=\"2560\" height=\"1707\" src=\"https:\/\/www.folwarkjelen.pl\/wp-content\/uploads\/2023\/05\/IMG_1435-scaled.jpg\" class=\"elementor-animation-grow attachment-full size-full\" alt=\"\" loading=\"lazy\" \/><\/figure><div class=\"elementor-image-box-content\"><h3 class=\"elementor-image-box-title\">Spichlerz<\/h3><p class=\"elementor-image-box-description\">Pok\u00f3j z aneksem kuchennym i antresol\u0105,\n na dole rozk\u0142adana rog\u00f3wka (140x200), dwa \u0142\u00f3\u017cka na antresoli (90x200), tv, lod\u00f3wka, czajnik, kuchenka, komplet naczy\u0144 i sztu\u0107c\u00f3w; \u0142azienka z wann\u0105;\n\nCena: od 300 \/doba.<\/p><\/div><\/div>\t\t<\/div>\n\t\t\t\t<\/div>\n\t\t\t\t\t\t<\/div>\n\t\t\t\t\t<\/div>\n\t\t<\/div>\n\t\t\t\t\t\t\t\t<\/div>\n\t\t\t\t\t<\/div>\n\t\t<\/section>\n\t\t\t\t<section class=\"elementor-section elementor-top-section elementor-element elementor-element-5595a1a elementor-section-boxed elementor-section-height-default elementor-section-height-default\" data-id=\"5595a1a\" data-element_type=\"section\">\n\t\t\t\t\t\t<div class=\"elementor-container elementor-column-gap-default\">\n\t\t\t\t\t\t\t<div class=\"elementor-row\">\n\t\t\t\t\t<div class=\"elementor-column elementor-col-100 elementor-top-column elementor-element elementor-element-16176e9\" data-id=\"16176e9\" data-element_type=\"column\">\n\t\t\t<div class=\"elementor-column-wrap elementor-element-populated\">\n\t\t\t\t\t\t\t<div class=\"elementor-widget-wrap\">\n\t\t\t\t\t\t<div class=\"elementor-element elementor-element-47416f0 elementor-position-top elementor-vertical-align-top elementor-widget elementor-widget-image-box\" data-id=\"47416f0\" data-element_type=\"widget\" data-widget_type=\"image-box.default\">\n\t\t\t\t<div class=\"elementor-widget-container\">\n\t\t\t<div class=\"elementor-image-box-wrapper\"><figure class=\"elementor-image-box-img\"><img width=\"2560\" height=\"1707\" src=\"https:\/\/www.folwarkjelen.pl\/wp-content\/uploads\/2023\/05\/IMG_1500-scaled.jpg\" class=\"attachment-full size-full\" alt=\"\" loading=\"lazy\" \/><\/figure><div class=\"elementor-image-box-content\"><h3 class=\"elementor-image-box-title\">Drewutnia<\/h3><p class=\"elementor-image-box-description\">Dwa pokoje + \u0142azienka. W pierwszym pokoju rozk\u0142adana rog\u00f3wka (140x200), lod\u00f3wka, czajnik, kuchenka, komplet naczy\u0144 i sztu\u0107c\u00f3w; \u0142azienka z prysznicem, W drugim pokoju  dwa \u0142\u00f3\u017cka (90x200), komoda\nCena: od 300z\u0142\/doba.<\/p><\/div><\/div>\t\t<\/div>\n\t\t\t\t<\/div>\n\t\t\t\t\t\t<\/div>\n\t\t\t\t\t<\/div>\n\t\t<\/div>\n\t\t\t\t\t\t\t\t<\/div>\n\t\t\t\t\t<\/div>\n\t\t<\/section>\n\t\t\t\t<section class=\"elementor-section elementor-top-section elementor-element elementor-element-5de746f elementor-section-boxed elementor-section-height-default elementor-section-height-default\" data-id=\"5de746f\" data-element_type=\"section\">\n\t\t\t\t\t\t<div class=\"elementor-container elementor-column-gap-default\">\n\t\t\t\t\t\t\t<div class=\"elementor-row\">\n\t\t\t\t\t<div class=\"elementor-column elementor-col-100 elementor-top-column elementor-element elementor-element-e4b89fc\" data-id=\"e4b89fc\" data-element_type=\"column\">\n\t\t\t<div class=\"elementor-column-wrap elementor-element-populated\">\n\t\t\t\t\t\t\t<div class=\"elementor-widget-wrap\">\n\t\t\t\t\t\t<div class=\"elementor-element elementor-element-8d46246 elementor-position-top elementor-vertical-align-top elementor-widget elementor-widget-image-box\" data-id=\"8d46246\" data-element_type=\"widget\" data-widget_type=\"image-box.default\">\n\t\t\t\t<div class=\"elementor-widget-container\">\n\t\t\t<div class=\"elementor-image-box-wrapper\"><figure class=\"elementor-image-box-img\"><img width=\"2560\" height=\"1707\" src=\"https:\/\/www.folwarkjelen.pl\/wp-content\/uploads\/2024\/12\/IMG_1619-\u2014-kopia-scaled.jpg\" class=\"attachment-full size-full\" alt=\"\" loading=\"lazy\" \/><\/figure><div class=\"elementor-image-box-content\"><h3 class=\"elementor-image-box-title\">Pod Kogutem<\/h3><p class=\"elementor-image-box-description\">Salon z kuchni\u0105, sypialnia na g\u00f3rze + \u0142azienka. W salonie rozk\u0142adana rog\u00f3wka (160x200), klimatyzacja, lod\u00f3wka , kuchenka, piekarnik, czajnik, ekspres do kawy, komplet naczy\u0144 i sztu\u0107c\u00f3w, \u0142azienka z prysznicem. W sypialni na poddaszu \u0142\u00f3\u017cko (140x200), dwa \u0142\u00f3\u017cka (80x200). Cena: od 550z\u0142\/doba<\/p><\/div><\/div>\t\t<\/div>\n\t\t\t\t<\/div>\n\t\t\t\t\t\t<\/div>\n\t\t\t\t\t<\/div>\n\t\t<\/div>\n\t\t\t\t\t\t\t\t<\/div>\n\t\t\t\t\t<\/div>\n\t\t<\/section>\n\t\t\t\t<section class=\"elementor-section elementor-top-section elementor-element elementor-element-266a0a0 elementor-section-boxed elementor-section-height-default elementor-section-height-default\" data-id=\"266a0a0\" data-element_type=\"section\">\n\t\t\t\t\t\t<div class=\"elementor-container elementor-column-gap-default\">\n\t\t\t\t\t\t\t<div class=\"elementor-row\">\n\t\t\t\t\t<div class=\"elementor-column elementor-col-100 elementor-top-column elementor-element elementor-element-5c508b7\" data-id=\"5c508b7\" data-element_type=\"column\">\n\t\t\t<div class=\"elementor-column-wrap elementor-element-populated\">\n\t\t\t\t\t\t\t<div class=\"elementor-widget-wrap\">\n\t\t\t\t\t\t<div class=\"elementor-element elementor-element-8baa07e elementor-position-top elementor-vertical-align-top elementor-widget elementor-widget-image-box\" data-id=\"8baa07e\" data-element_type=\"widget\" data-widget_type=\"image-box.default\">\n\t\t\t\t<div class=\"elementor-widget-container\">\n\t\t\t<div class=\"elementor-image-box-wrapper\"><figure class=\"elementor-image-box-img\"><img width=\"2560\" height=\"1707\" src=\"https:\/\/www.folwarkjelen.pl\/wp-content\/uploads\/2023\/05\/IMG_1038-scaled.jpg\" class=\"attachment-full size-full\" alt=\"\" loading=\"lazy\" \/><\/figure><div class=\"elementor-image-box-content\"><h3 class=\"elementor-image-box-title\">Apartament<\/h3><p class=\"elementor-image-box-description\">Apartament rodzinny w du\u017cym domu. Przestronny apartament  ( 50 m2  )sk\u0142ada si\u0119 z dw\u00f3ch pokoi i \u0142azienki z wann\u0105. W apartamencie znajduj\u0105 si\u0119 2 \u0142\u00f3\u017cka pojedyncze i jedno podw\u00f3jne, komody, st\u00f3\u0142,  Idealny dla rodzin z dzie\u0107mi. Aneks kuchenny. Dla go\u015bci apartamentu istnieje mo\u017cliwo\u015b\u0107 wykupienia \u015bniada\u0144.  Rezerwacja apartamentu- ustalana indywidualnie. Prosimy o kontakt. Cena 450z\u0142\/doba<\/p><\/div><\/div>\t\t<\/div>\n\t\t\t\t<\/div>\n\t\t\t\t\t\t<\/div>\n\t\t\t\t\t<\/div>\n\t\t<\/div>\n\t\t\t\t\t\t\t\t<\/div>\n\t\t\t\t\t<\/div>\n\t\t<\/section>\n\t\t\t\t<section class=\"elementor-section elementor-top-section elementor-element elementor-element-5c55104 elementor-section-boxed elementor-section-height-default elementor-section-height-default\" data-id=\"5c55104\" data-element_type=\"section\">\n\t\t\t\t\t\t<div class=\"elementor-container elementor-column-gap-default\">\n\t\t\t\t\t\t\t<div class=\"elementor-row\">\n\t\t\t\t\t<div class=\"elementor-column elementor-col-100 elementor-top-column elementor-element elementor-element-a9d7da7\" data-id=\"a9d7da7\" data-element_type=\"column\">\n\t\t\t<div class=\"elementor-column-wrap elementor-element-populated\">\n\t\t\t\t\t\t\t<div class=\"elementor-widget-wrap\">\n\t\t\t\t\t\t<div class=\"elementor-element elementor-element-baaab15 elementor-widget elementor-widget-text-editor\" data-id=\"baaab15\" data-element_type=\"widget\" data-widget_type=\"text-editor.default\">\n\t\t\t\t<div class=\"elementor-widget-container\">\n\t\t\t\t\t\t\t\t<div class=\"elementor-text-editor elementor-clearfix\">\n\t\t\t\t<h1 style=\"text-align: center;\">\u00a0<\/h1><p style=\"text-align: center;\"><strong>W CENIE NAJMU:<\/strong><\/p><p style=\"text-align: center;\"><strong>po\u015bciel<\/strong><\/p><p style=\"text-align: center;\"><strong>r\u0119czniki<\/strong><\/p><p style=\"text-align: center;\"><strong>bezp\u0142atne korzystanie z miejsca na ognisko, drewno <\/strong><\/p><p style=\"text-align: center;\"><strong>bezp\u0142atne korzystanie z wiaty i miejsca do biesiadowania<\/strong><\/p><p style=\"text-align: center;\"><strong>bezp\u0142atna mo\u017cliwo\u015b\u0107 korzystania z rusztu nad ogniskiem<\/strong><\/p><p style=\"text-align: center;\"><strong>bezp\u0142atne korzystanie ze stawu (w\u0119dki we w\u0142asnym zakresie)<\/strong><\/p><p style=\"text-align: center;\"><strong>bezp\u0142atne korzystanie z basenu (basen dost\u0119pny w okresie wakacyjnym)\u00a0<\/strong><\/p><p style=\"text-align: center;\"><strong>bezp\u0142atny sprz\u0119t sportowy: pi\u0142ki, rakiety do badmingtona&#8230;<\/strong><\/p><p style=\"text-align: center;\"><strong>bezp\u0142atny plac zabaw dla dzieci<\/strong><\/p><p style=\"text-align: center;\"><strong><strong>bezp\u0142atne\u00a0<\/strong>wi-fi<\/strong><\/p><p style=\"text-align: center;\"><strong>\u00a0<\/strong><\/p><p style=\"text-align: center;\"><em><u><strong>WY\u017bYWIENIE:<\/strong><\/u><\/em><\/p><p style=\"text-align: center;\"><b>W przypadku wynajmu na wy\u0142\u0105czno\u015b\u0107 nie zapewniamy obiad\u00f3w i \u015bniada\u0144!!! Istnieje mo\u017cliwo\u015b\u0107 kateringu z Knyszyna oraz z Korycina\u00a0<a href=\"http:\/\/www.biesiadaweselna.pl\" target=\"_blank\" rel=\"noopener\">www.biesiadaweselna.pl<\/a> lub codziennego dowozu obiad\u00f3w ( do uzgodnienia) przez miejscow\u0105 restauracj\u0119. W okolicy mamy bogat\u0105 ofert\u0119 kuchni staropolskiej, ukrai\u0144skiej, tatarskiej, rosyjskiej, \u017cydowskiej.<\/b><\/p><p style=\"text-align: center;\"><u><strong>INFORMACJE DODATKOWE:<\/strong><\/u><\/p><p style=\"text-align: center;\"><strong>Najbli\u017csza stadnina koni znajduje si\u0119 w odleg\u0142o\u015bci 5km ( Chrabo\u0142y). <\/strong><\/p><p style=\"text-align: center;\"><strong>Sklep samoobs\u0142ugowy Biedronka i inne sklepy znajduj\u0105 si\u0119 w Knyszynie- 5 km.<\/strong><\/p><p style=\"text-align: center;\"><strong>K\u0105pielisko z ratownikiem i\u00a0 sprz\u0119tem wodnym w Korycinie- 15\u00a0\u00a0<\/strong><\/p>\t\t\t\t\t<\/div>\n\t\t\t\t\t\t<\/div>\n\t\t\t\t<\/div>\n\t\t\t\t\t\t<\/div>\n\t\t\t\t\t<\/div>\n\t\t<\/div>\n\t\t\t\t\t\t\t\t<\/div>\n\t\t\t\t\t<\/div>\n\t\t<\/section>\n\t\t\t\t<section class=\"elementor-section elementor-top-section elementor-element elementor-element-8a60857 elementor-section-boxed elementor-section-height-default elementor-section-height-default\" data-id=\"8a60857\" data-element_type=\"section\">\n\t\t\t\t\t\t<div class=\"elementor-container elementor-column-gap-default\">\n\t\t\t\t\t\t\t<div class=\"elementor-row\">\n\t\t\t\t\t<div class=\"elementor-column elementor-col-100 elementor-top-column elementor-element elementor-element-3b13ded\" data-id=\"3b13ded\" data-element_type=\"column\">\n\t\t\t<div class=\"elementor-column-wrap elementor-element-populated\">\n\t\t\t\t\t\t\t<div class=\"elementor-widget-wrap\">\n\t\t\t\t\t\t<div class=\"elementor-element elementor-element-e4e896a elementor-widget elementor-widget-text-editor\" data-id=\"e4e896a\" data-element_type=\"widget\" data-widget_type=\"text-editor.default\">\n\t\t\t\t<div class=\"elementor-widget-container\">\n\t\t\t\t\t\t\t\t<div class=\"elementor-text-editor elementor-clearfix\">\n\t\t\t\t<ul><li><u><\/u>Zapraszamy wszystkich na \u201ewczasy pod grusz\u0105\u201d od maja do pa\u017adziernika. Minimalny pobyt w sezonie letnim to 3 doby, poza sezonem dwie doby. Basen dost\u0119pny tylko w\u00a0 sezonie wakacyjnym.<\/li><\/ul><ul><li>Doba hotelowa trwa od godziny<b> 16:<\/b><strong>00 <\/strong>w dniu przyjazdu do godziny <strong>10:00<\/strong> w dniu wyjazdu. Prosimy o punktualny wyjazd.<\/li><\/ul><ul><li>Od godz. <b>10:<\/b><strong>15<\/strong> do <strong>16.00<\/strong> trwaj\u0105 prace porz\u0105dkowe, do domk\u00f3w wchodz\u0105 panie sprz\u0105taj\u0105ce a na terenie folwarku odbywaj\u0105 si\u0119 prace techniczne. W tym czasie nie ma mo\u017cliwo\u015bci wej\u015bcia do domk\u00f3w ani pozostawiania swoich rzeczy na terenie o\u015brodka.<\/li><\/ul><p><strong><u>\u00a0<\/u><\/strong><\/p><ul><li>Folwark Jele\u0144 \u015bwiadczy us\u0142ugi zgodnie ze swoim standardem-\u00a0<strong>gospodarstwa agroturystycznego\u00a0<\/strong>czyli gospodarstwa rolnego, kt\u00f3re oferuje form\u0119 wypoczynku zbli\u017con\u0105 do warunk\u00f3w wiejskich. Gospodarstwa agroturystyczne oferuj\u0105 wielorakie rodzaje aktywno\u015bci rekreacyjnych zwi\u0105zanych z przyrod\u0105, w\u0119dr\u00f3wkami, turystyk\u0105 zdrowotn\u0105, krajoznawcz\u0105 i kulturow\u0105. Nie \u015bwiadczymy us\u0142ug hotelowych- nie udost\u0119pniamy pokoi na jedn\u0105 dob\u0119.<\/li><\/ul><ul><li>Ostatnie dwa kilometry drogi to droga szutrowa przez las.<\/li><\/ul><ul><li>Nie wynajmujemy na imprezy typu wieczory panie\u0144skie, kawalerskie, osiemnastki (bez wzgl\u0119du czy jedno czy wielodniowe). W przypadku zatajenia przez klienta informacji o zorganizowaniu tego typu imprezy na terenie obiektu gospodarz ma prawo do zerwania umowy najmu.<\/li><\/ul><ul><li>W domach obowi\u0105zuje ca\u0142kowity zakaz palenia!!<\/li><\/ul><ul><li>Wszelkie p\u0142atno\u015bci \u2013 przelew.<\/li><\/ul><ul><li>Przyjmujemy tylko ma\u0142e pieski domowe. Pobyt zwierzaka uzgadniamy telefonicznie. <b>Op\u0142ata za zwierz\u0119 to 30z\u0142\/dob\u0119<\/b>. P\u0142atno\u015b\u0107 przelewem wraz z op\u0142at\u0105 za pobyt.<\/li><\/ul><ul><li>Prosimy o zachowanie ciszy nocnej. Zakazuje si\u0119 g\u0142o\u015bnego odtwarzania na terenie o\u015brodka. Nasze gospodarstwo ma kameralny charakter, posiadamy cztery domki \u2013 prosimy o wyrozumia\u0142o\u015b\u0107 \u2013 nie b\u0119dziecie sami. W przypadku skarg innych os\u00f3b przebywaj\u0105cych na posesji oraz s\u0105siaduj\u0105cych z dzia\u0142k\u0105 gospodarzy w\u0142a\u015bciciel zastrzega sobie mo\u017cliwo\u015b\u0107 zerwania umowy najmu z \u0142ami\u0105cymi normy spo\u0142eczne go\u015b\u0107mi.<\/li><\/ul><ul><li>Gor\u0105ca woda jest nagrzewana energi\u0105 elektryczn\u0105, a bojlery w domkach maj\u0105 ograniczon\u0105 pojemno\u015b\u0107 \u2013 przy wi\u0119kszej ilo\u015bci os\u00f3b nale\u017cy wzi\u0105\u0107 pod uwag\u0119 d\u0142u\u017cszy czas na nagrzanie wody.<\/li><\/ul><ul><li>Nie odpowiadamy za przerwy w dostawach energii elektrycznej.\u00a0 Wszelkie za\u017calenia nale\u017cy sk\u0142ada\u0107 do zak\u0142adu energetycznego. W sprawie informacji na temat godziny dostawy pr\u0105du nale\u017cy dzwoni\u0107 pod numer alarmowy 991.<\/li><\/ul><ul><li>Nie odpowiadamy za rzeczy klient\u00f3w pozostawione na terenie gospodarstwa podczas ich wyjazd\u00f3w np. niezabezpieczone rowery. Podczas wyjazd\u00f3w prosimy o zamykanie wszystkich okien i drzwi.<\/li><\/ul><ul><li>Za wszelkie szkody powsta\u0142e podczas pobytu odpowiada wynajmuj\u0105cy.<\/li><\/ul><ul><li>Obowi\u0105zuje segregacja \u015bmieci.<\/li><\/ul><ul><li>Wszelkie osoby przyje\u017cdzaj\u0105ce do os\u00f3b wypoczywaj\u0105cych powinny by\u0107 zg\u0142aszane gospodarzom. Prosimy uwzgl\u0119dni\u0107 komfort innych wczasowicz\u00f3w .<\/li><\/ul><p>Regulamin okre\u015bla zasady \u015bwiadczenia us\u0142ug, odpowiedzialno\u015bci oraz przebywania na terenie \u201eFolwarku Jele\u0144\u201d i stanowi integraln\u0105 cz\u0119\u015b\u0107 umowy, do kt\u00f3rej zawarcia dochodzi poprzez wp\u0142at\u0119 zadatku lub ca\u0142ej nale\u017cno\u015bci za pobyt. Dokonuj\u0105c w\/w czynno\u015bci Go\u015b\u0107 potwierdza, \u017ce zapozna\u0142 si\u0119 i akceptuje warunki Regulaminu. Regulamin obowi\u0105zuje wszystkich Go\u015bci przebywaj\u0105cych na terenie \u201eFolwarku Jele\u0144\u201d. Regulamin jest przekazywany klientowi w dniu przyjazdu i udost\u0119pniony na stronie internetowej. Nieprzestrzeganie przez go\u015bci punkt\u00f3w regulaminu jest podstaw\u0105 do niezwracania kaucji.\u00a0<\/p><p>\u00a0<\/p>\t\t\t\t\t<\/div>\n\t\t\t\t\t\t<\/div>\n\t\t\t\t<\/div>\n\t\t\t\t\t\t<\/div>\n\t\t\t\t\t<\/div>\n\t\t<\/div>\n\t\t\t\t\t\t\t\t<\/div>\n\t\t\t\t\t<\/div>\n\t\t<\/section>\n\t\t\t\t\t\t\t\t\t<\/div>\n\t\t\t<\/div>\n\t\t\t\t\t<\/div>\n\t\t","protected":false},"excerpt":{"rendered":"<p>REZERWACJE on-line Zni\u017cka 5% na KART\u0118 DU\u017bEJ RODZINY przy rezerwacjach telefonicznych. Nie wynajmujemy na imprezy okoliczno\u015bciowe. Dom Wakacyjny Cztery przestronne sypialnie. Dwa \u0142\u00f3\u017cka podw\u00f3jne i 5 pojedynczych ( 9 miejsc do spania). Salon kominkowy po\u0142\u0105czony jest z kuchni\u0105- wyposa\u017con\u0105 w lod\u00f3wk\u0119, zmywark\u0119, piekarnik, kuchenk\u0119 elektryczn\u0105, czajnik bezprzewodowy, ekspres do kawy CENA: od 900z\u0142\/doba Spichlerz Pok\u00f3j [&hellip;]<\/p>\n","protected":false},"author":1,"featured_media":0,"parent":0,"menu_order":0,"comment_status":"closed","ping_status":"closed","template":"","meta":[],"_links":{"self":[{"href":"https:\/\/www.folwarkjelen.pl\/index.php\/wp-json\/wp\/v2\/pages\/9"}],"collection":[{"href":"https:\/\/www.folwarkjelen.pl\/index.php\/wp-json\/wp\/v2\/pages"}],"about":[{"href":"https:\/\/www.folwarkjelen.pl\/index.php\/wp-json\/wp\/v2\/types\/page"}],"author":[{"embeddable":true,"href":"https:\/\/www.folwarkjelen.pl\/index.php\/wp-json\/wp\/v2\/users\/1"}],"replies":[{"embeddable":true,"href":"https:\/\/www.folwarkjelen.pl\/index.php\/wp-json\/wp\/v2\/comments?post=9"}],"version-history":[{"count":149,"href":"https:\/\/www.folwarkjelen.pl\/index.php\/wp-json\/wp\/v2\/pages\/9\/revisions"}],"predecessor-version":[{"id":615,"href":"https:\/\/www.folwarkjelen.pl\/index.php\/wp-json\/wp\/v2\/pages\/9\/revisions\/615"}],"wp:attachment":[{"href":"https:\/\/www.folwarkjelen.pl\/index.php\/wp-json\/wp\/v2\/media?parent=9"}],"curies":[{"name":"wp","href":"https:\/\/api.w.org\/{rel}","templated":true}]}}